{"id":21,"date":"2014-02-06T19:42:12","date_gmt":"2014-02-06T18:42:12","guid":{"rendered":"http:\/\/s513525840.domenaklienta.pl\/wordpress\/?page_id=21"},"modified":"2025-08-19T13:22:17","modified_gmt":"2025-08-19T11:22:17","slug":"cennik","status":"publish","type":"page","link":"https:\/\/britannica.com.pl\/?page_id=21","title":{"rendered":"Cennik"},"content":{"rendered":"<h3><strong>CENNIK obowi\u0105zuj\u0105cy od<\/strong> 1 wrze\u015bnia 2025r.:<\/h3>\n<p>&nbsp;<\/p>\n<h3>LEKCJE INDYWIDUALNE: m\u0142odzie\u017c, dzieci , doro\u015bli<\/h3>\n<ul>\n<li>70 z\u0142 \/ 60 min<\/li>\n<li>60 z\u0142\/45 min<\/li>\n<\/ul>\n<h3>LEKCJE W PARACH\u00a0&#8211;\u00a0m\u0142odzie\u017c, dzieci , doro\u015bli<\/h3>\n<ul>\n<li>1 x w tygodniu po 60 min &#8211; op\u0142ata sta\u0142a 170 z\u0142\/miesi\u0105c\/osoba<\/li>\n<li>2 x w tygodniu po 60 min &#8211; op\u0142ata sta\u0142a 340 z\u0142\/miesi\u0105c\/osoba<\/li>\n<\/ul>\n<h3>KURSY DLA FIRM &#8211; in-company lub stacjonarne<\/h3>\n<ul>\n<li>Cennik zaj\u0119\u0107 grupowych ustalany jest indywidualnie w zale\u017cno\u015bci od rodzaju kursu, jego d\u0142ugo\u015bci i cz\u0119stotliwo\u015bci zaj\u0119\u0107.<\/li>\n<\/ul>\n<h3>KURSY GRUPOWE &#8211; rozwijanie wszystkich sprawno\u015bci j\u0119zykowych; przygotowanie do egzamin\u00f3w; konwersacje:<\/h3>\n<h3>1 x w tygodniu po 60 minut:<\/h3>\n<ul>\n<li>grupy od 3 do 6 os\u00f3b &#8211; op\u0142ata sta\u0142a 150 z\u0142 \/ miesi\u0105c \/ osoba<\/li>\n<\/ul>\n<h3>2 x w tygodniu po 60 min.<\/h3>\n<ul>\n<li>grupy od 3 do 6 os\u00f3b &#8211; op\u0142ata sta\u0142a 270 z\u0142 \/ miesi\u0105c \/ osoba<\/li>\n<\/ul>\n<h3>LEKCJE INDYWIDUALNE przygotowanie do egzaminu resortowego STANAG 6001 (poziom 1 i 2)<\/h3>\n<ul>\n<li>70 z\u0142\/ 60 min<\/li>\n<\/ul>\n<p><strong>Op\u0142aty za lekcje prosz\u0119 wp\u0142aca\u0107 do 10 dnia ka\u017cdego miesi\u0105ca na konto:\u00a0\u00a0mBank \u00a022114020040000370275614066<\/strong> podaj\u0105c w tytule wp\u0142aty: <strong>imi\u0119 i nazwisko uczestnika zaj\u0119\u0107 <\/strong>oraz<strong> miesi\u0105c, <\/strong>za kt\u00f3ry nast\u0119puje p\u0142atno\u015b\u0107<strong>.<\/strong><\/p>\n<p>&nbsp;<\/p>\n<p><em>Podane ceny s\u0105 cenami netto. Je\u015bli zostanie wprowadzony podatek VAT na us\u0142ugi edukacyjne, do powy\u017cszych cen zostanie doliczony podatek od towar\u00f3w i us\u0142ug w wysoko\u015bci zgodnej z przepisami.<\/em><\/p>\n<p>&nbsp;<\/p>\n<h3>\u00a0Formy p\u0142atno\u015bci:<\/h3>\n<p>P\u0142atno\u015bci mo\u017cna dokonywa\u0107 osobi\u015bcie\u00a0 w\u00a0 Centrum Szkoleniowym Britannica po uprzednim telefonicznym um\u00f3wieniu si\u0119 lub przelewem na konto. W tytule przelewu nale\u017cy wpisa\u0107: <span style=\"text-decoration: underline;\">imi\u0119 i nazwisko uczestnika zaj\u0119\u0107 (je\u015bli jest inne ni\u017c osoba wp\u0142acaj\u0105ca)\u00a0 oraz miesi\u0105c, za kt\u00f3ry nast\u0119puje p\u0142atno\u015b\u0107.<\/span><\/p>\n<h3><\/h3>\n<h3>Dane do przelewu:<\/h3>\n<p>Centrum Szkoleniowe Britannica<\/p>\n<p>ul. Traugutta 14<\/p>\n<p>38-400 Krosno<\/p>\n<p>Nr konta: mBank \u00a022114020040000370275614066<\/p>\n","protected":false},"excerpt":{"rendered":"<p>CENNIK obowi\u0105zuj\u0105cy od 1 wrze\u015bnia 2025r.: &nbsp; LEKCJE INDYWIDUALNE: m\u0142odzie\u017c, dzieci , doro\u015bli 70 z\u0142 \/ 60 min 60 z\u0142\/45 min LEKCJE W PARACH\u00a0&#8211;\u00a0m\u0142odzie\u017c, dzieci , doro\u015bli 1 x w tygodniu po 60 min &#8211; op\u0142ata sta\u0142a 170 z\u0142\/miesi\u0105c\/osoba 2 x w tygodniu po 60 min &#8211; op\u0142ata sta\u0142a 340 z\u0142\/miesi\u0105c\/osoba KURSY DLA FIRM &#8211; [&hellip;]<\/p>\n","protected":false},"author":1,"featured_media":0,"parent":0,"menu_order":0,"comment_status":"open","ping_status":"open","template":"","meta":{"footnotes":""},"class_list":["post-21","page","type-page","status-publish","hentry"],"_links":{"self":[{"href":"https:\/\/britannica.com.pl\/index.php?rest_route=\/wp\/v2\/pages\/21","targetHints":{"allow":["GET"]}}],"collection":[{"href":"https:\/\/britannica.com.pl\/index.php?rest_route=\/wp\/v2\/pages"}],"about":[{"href":"https:\/\/britannica.com.pl\/index.php?rest_route=\/wp\/v2\/types\/page"}],"author":[{"embeddable":true,"href":"https:\/\/britannica.com.pl\/index.php?rest_route=\/wp\/v2\/users\/1"}],"replies":[{"embeddable":true,"href":"https:\/\/britannica.com.pl\/index.php?rest_route=%2Fwp%2Fv2%2Fcomments&post=21"}],"version-history":[{"count":43,"href":"https:\/\/britannica.com.pl\/index.php?rest_route=\/wp\/v2\/pages\/21\/revisions"}],"predecessor-version":[{"id":945,"href":"https:\/\/britannica.com.pl\/index.php?rest_route=\/wp\/v2\/pages\/21\/revisions\/945"}],"wp:attachment":[{"href":"https:\/\/britannica.com.pl\/index.php?rest_route=%2Fwp%2Fv2%2Fmedia&parent=21"}],"curies":[{"name":"wp","href":"https:\/\/api.w.org\/{rel}","templated":true}]}}