{"id":53,"date":"2014-02-10T17:22:54","date_gmt":"2014-02-10T16:22:54","guid":{"rendered":"http:\/\/s513525840.domenaklienta.pl\/wordpress\/?page_id=53"},"modified":"2018-08-18T14:10:12","modified_gmt":"2018-08-18T12:10:12","slug":"kontakt","status":"publish","type":"page","link":"https:\/\/britannica.com.pl\/?page_id=53","title":{"rendered":"Kontakt"},"content":{"rendered":"<h3>Centrum Szkoleniowe Britannica\u00a0&#8211; Nauka j\u0119zyk\u00f3w obcych<\/h3>\n<p>Zapisy: telefonicznie tel.733 400 732 lub mailowo: info@britannica.com.pl<\/p>\n<p>&nbsp;<\/p>\n<p>Zaj\u0119cia:<\/p>\n<p>KROSNO os. Guzik\u00f3wka<br \/>\nul. Traugutta 14 (budynek Tridentu) &#8211; tutaj s\u0105 zaj\u0119cia, zapisy odbywaj\u0105 si\u0119 tylko telefonicznie<\/p>\n<p>38-400 Krosno<\/p>\n<p>tel. 733 400 732<\/p>\n<p>info@britannica.com.pl<\/p>\n<div style=\"margin-top: 50px;\"><div role=\"form\" class=\"wpcf7\" id=\"wpcf7-f79-o1\" lang=\"pl-PL\" dir=\"ltr\">\n<div class=\"screen-reader-response\" aria-live=\"polite\"><\/div>\n<form action=\"\/index.php?rest_route=%2Fwp%2Fv2%2Fpages%2F53#wpcf7-f79-o1\" method=\"post\" class=\"wpcf7-form\" novalidate=\"novalidate\">\n<div style=\"display: none;\">\n<input type=\"hidden\" name=\"_wpcf7\" value=\"79\" \/>\n<input type=\"hidden\" name=\"_wpcf7_version\" value=\"5.1.9\" \/>\n<input type=\"hidden\" name=\"_wpcf7_locale\" value=\"pl_PL\" \/>\n<input type=\"hidden\" name=\"_wpcf7_unit_tag\" value=\"wpcf7-f79-o1\" \/>\n<input type=\"hidden\" name=\"_wpcf7_container_post\" value=\"0\" \/>\n<\/div>\n<div id=\"box\" style=\"float: right;\">\n<strong>Imi\u0119  (wymagane)<br \/>\n    <span class=\"wpcf7-form-control-wrap your-name\"><input type=\"text\" name=\"your-name\" value=\"\" size=\"40\" class=\"wpcf7-form-control wpcf7-text wpcf7-validates-as-required\" aria-required=\"true\" aria-invalid=\"false\" \/><\/span> <\/strong><\/p>\n<p><strong>Adres email (wymagane)<br \/>\n    <span class=\"wpcf7-form-control-wrap your-email\"><input type=\"email\" name=\"your-email\" value=\"\" size=\"40\" class=\"wpcf7-form-control wpcf7-text wpcf7-email wpcf7-validates-as-required wpcf7-validates-as-email\" aria-required=\"true\" aria-invalid=\"false\" \/><\/span> <\/strong><\/p>\n<p><strong>Temat<br \/>\n    <span class=\"wpcf7-form-control-wrap your-subject\"><input type=\"text\" name=\"your-subject\" value=\"\" size=\"40\" class=\"wpcf7-form-control wpcf7-text\" aria-invalid=\"false\" \/><\/span> <\/strong><\/p>\n<p><strong>Tre\u015b\u0107 wiadomo\u015bci<br \/>\n    <span class=\"wpcf7-form-control-wrap your-message\"><textarea name=\"your-message\" cols=\"40\" rows=\"10\" class=\"wpcf7-form-control wpcf7-textarea\" aria-invalid=\"false\"><\/textarea><\/span> <\/strong><\/p>\n<p><strong><input type=\"submit\" value=\"Wy\u015blij\" class=\"wpcf7-form-control wpcf7-submit\" \/><\/strong>\n<\/div>\n<p style=\"display: none !important;\" class=\"akismet-fields-container\" data-prefix=\"_wpcf7_ak_\"><label>&#916;<textarea name=\"_wpcf7_ak_hp_textarea\" cols=\"45\" rows=\"8\" maxlength=\"100\"><\/textarea><\/label><input type=\"hidden\" id=\"ak_js_1\" name=\"_wpcf7_ak_js\" value=\"83\"\/><script type=\"text\/javascript\">\n\/* <![CDATA[ *\/\ndocument.getElementById( \"ak_js_1\" ).setAttribute( \"value\", ( new Date() ).getTime() );\n\/* ]]> *\/\n<\/script>\n<\/p><div class=\"wpcf7-response-output wpcf7-display-none\" aria-hidden=\"true\"><\/div><\/form><\/div><\/div>\n","protected":false},"excerpt":{"rendered":"<p>Centrum Szkoleniowe Britannica\u00a0&#8211; Nauka j\u0119zyk\u00f3w obcych Zapisy: telefonicznie tel.733 400 732 lub mailowo: info@britannica.com.pl &nbsp; Zaj\u0119cia: KROSNO os. Guzik\u00f3wka ul. Traugutta 14 (budynek Tridentu) &#8211; tutaj s\u0105 zaj\u0119cia, zapisy odbywaj\u0105 si\u0119 tylko telefonicznie 38-400 Krosno tel. 733 400 732 info@britannica.com.pl<\/p>\n","protected":false},"author":1,"featured_media":0,"parent":0,"menu_order":0,"comment_status":"open","ping_status":"open","template":"","meta":{"footnotes":""},"class_list":["post-53","page","type-page","status-publish","hentry"],"_links":{"self":[{"href":"https:\/\/britannica.com.pl\/index.php?rest_route=\/wp\/v2\/pages\/53","targetHints":{"allow":["GET"]}}],"collection":[{"href":"https:\/\/britannica.com.pl\/index.php?rest_route=\/wp\/v2\/pages"}],"about":[{"href":"https:\/\/britannica.com.pl\/index.php?rest_route=\/wp\/v2\/types\/page"}],"author":[{"embeddable":true,"href":"https:\/\/britannica.com.pl\/index.php?rest_route=\/wp\/v2\/users\/1"}],"replies":[{"embeddable":true,"href":"https:\/\/britannica.com.pl\/index.php?rest_route=%2Fwp%2Fv2%2Fcomments&post=53"}],"version-history":[{"count":31,"href":"https:\/\/britannica.com.pl\/index.php?rest_route=\/wp\/v2\/pages\/53\/revisions"}],"predecessor-version":[{"id":578,"href":"https:\/\/britannica.com.pl\/index.php?rest_route=\/wp\/v2\/pages\/53\/revisions\/578"}],"wp:attachment":[{"href":"https:\/\/britannica.com.pl\/index.php?rest_route=%2Fwp%2Fv2%2Fmedia&parent=53"}],"curies":[{"name":"wp","href":"https:\/\/api.w.org\/{rel}","templated":true}]}}