{"id":539,"date":"2018-04-18T19:34:58","date_gmt":"2018-04-18T17:34:58","guid":{"rendered":"http:\/\/britannica.com.pl\/?page_id=539"},"modified":"2024-10-21T14:19:17","modified_gmt":"2024-10-21T12:19:17","slug":"oferta-2","status":"publish","type":"page","link":"https:\/\/britannica.com.pl\/?page_id=539","title":{"rendered":"OFERTA"},"content":{"rendered":"<h3>LEKCJE INDYWIDUALNE stacjonarne oraz przez Internet (Skype)<br \/>\nm\u0142odzie\u017c, dzieci , doro\u015bli<\/h3>\n<p>&nbsp;<\/p>\n<h3>LEKCJE W PARACH\u00a0&#8211;\u00a0m\u0142odzie\u017c, dzieci , doro\u015bli<\/h3>\n<h3><\/h3>\n<h3>LEKCJE INDYWIDUALNE Z DOJAZDEM DO UCZNIA\u00a0&#8211;\u00a0m\u0142odzie\u017c, dzieci , doro\u015bli<\/h3>\n<h3><\/h3>\n<h3>KURSY DLA FIRM &#8211; in-company lub stacjonarne<\/h3>\n<h3><\/h3>\n<h3>KURSY GRUPOWE &#8211; rozwijanie wszystkich sprawno\u015bci j\u0119zykowych;\u00a0m\u0142odzie\u017c, dzieci , doro\u015bli &#8211; 1 lub 2 x w tygodniu<\/h3>\n<ul>\n<li>poziomy od\u00a0pocz\u0105tkuj\u0105cego do zaawansowanego<\/li>\n<\/ul>\n<h3><\/h3>\n<h3>KURSY PRZYGOTOWUJ\u0104CE DO EGZAMIN\u00d3W CERTYFIKUJ\u0104CYCH &#8211; 1 lub 2 x w tygodniu<\/h3>\n<ul>\n<li>(m. in. TOEIC, TOEIC Bridge, TOEFL, KET, PET, FCE, CAE, CPE, inne)<\/li>\n<li>grupy od 2 do 3 os\u00f3b<\/li>\n<li>grupy od 4 do\u00a06 os\u00f3b<\/li>\n<\/ul>\n<h3><\/h3>\n<h3>KURSY PRZYGOTOWAWCZE DO EGZAMINU GIMNAZJALNEGO \/ MATURY \u00a0&#8211; 1 lub 2 x w tygodniu<\/h3>\n<ul>\n<li>grupy od 4 do\u00a06 os\u00f3b<\/li>\n<li>grupy od 2 do 3 os\u00f3b<\/li>\n<\/ul>\n<h3><\/h3>\n<h3>STANAG 6001 &#8211; przygotowanie do egzaminu resortowego STANAG 6001 (poziom 1 i 2) LEKCJE INDYWIDUALNE lub GRUPOWE<\/h3>\n<p>&nbsp;<\/p>\n<h3><\/h3>\n","protected":false},"excerpt":{"rendered":"<p>LEKCJE INDYWIDUALNE stacjonarne oraz przez Internet (Skype) m\u0142odzie\u017c, dzieci , doro\u015bli &nbsp; LEKCJE W PARACH\u00a0&#8211;\u00a0m\u0142odzie\u017c, dzieci , doro\u015bli LEKCJE INDYWIDUALNE Z DOJAZDEM DO UCZNIA\u00a0&#8211;\u00a0m\u0142odzie\u017c, dzieci , doro\u015bli KURSY DLA FIRM &#8211; in-company lub stacjonarne KURSY GRUPOWE &#8211; rozwijanie wszystkich sprawno\u015bci j\u0119zykowych;\u00a0m\u0142odzie\u017c, dzieci , doro\u015bli &#8211; 1 lub 2 x w tygodniu poziomy od\u00a0pocz\u0105tkuj\u0105cego do zaawansowanego [&hellip;]<\/p>\n","protected":false},"author":1,"featured_media":0,"parent":0,"menu_order":0,"comment_status":"closed","ping_status":"closed","template":"","meta":{"footnotes":""},"class_list":["post-539","page","type-page","status-publish","hentry"],"_links":{"self":[{"href":"https:\/\/britannica.com.pl\/index.php?rest_route=\/wp\/v2\/pages\/539","targetHints":{"allow":["GET"]}}],"collection":[{"href":"https:\/\/britannica.com.pl\/index.php?rest_route=\/wp\/v2\/pages"}],"about":[{"href":"https:\/\/britannica.com.pl\/index.php?rest_route=\/wp\/v2\/types\/page"}],"author":[{"embeddable":true,"href":"https:\/\/britannica.com.pl\/index.php?rest_route=\/wp\/v2\/users\/1"}],"replies":[{"embeddable":true,"href":"https:\/\/britannica.com.pl\/index.php?rest_route=%2Fwp%2Fv2%2Fcomments&post=539"}],"version-history":[{"count":7,"href":"https:\/\/britannica.com.pl\/index.php?rest_route=\/wp\/v2\/pages\/539\/revisions"}],"predecessor-version":[{"id":929,"href":"https:\/\/britannica.com.pl\/index.php?rest_route=\/wp\/v2\/pages\/539\/revisions\/929"}],"wp:attachment":[{"href":"https:\/\/britannica.com.pl\/index.php?rest_route=%2Fwp%2Fv2%2Fmedia&parent=539"}],"curies":[{"name":"wp","href":"https:\/\/api.w.org\/{rel}","templated":true}]}}